{"id":3,"date":"2024-06-30T18:40:44","date_gmt":"2024-06-30T18:40:44","guid":{"rendered":"https:\/\/heebs.org\/?page_id=3"},"modified":"2025-12-02T18:49:34","modified_gmt":"2025-12-02T18:49:34","slug":"descripcion","status":"publish","type":"page","link":"https:\/\/heebs.org\/","title":{"rendered":"INICIO"},"content":{"rendered":"\n<p>Por m\u00e1s de 50 a\u00f1os hemos cuidado de la salud del pueblo de Chichicastenango y sus alrededores\u2026 nos preocupamos por \u201cSalud del cuerpo y alma\u201d<\/p>\n\n\n\n<h2 class=\"wp-block-heading alignwide has-text-align-center\"><strong>Misi\u00f3n<\/strong><\/h2>\n\n\n\n<pre class=\"wp-block-verse has-text-align-center\">Somos un hospital con sensibilidad humana, en el cual la <strong>salud del cuerpo y alma <\/strong>es nuestro enfoque, respaldado por un equipo altamente profesional, con tecnolog\u00eda que certifica atenci\u00f3n de m\u00e1xima calidad, manteniendo nuestro compromiso de <strong>servir <\/strong>y mejorar constantemente.<\/pre>\n\n\n\n<h2 class=\"wp-block-heading alignwide has-text-align-center\"><strong>Visi\u00f3n<\/strong><\/h2>\n\n\n\n<pre class=\"wp-block-verse has-text-align-center\">Ser la instituci\u00f3n hospitalaria de referencia, en prevenci\u00f3n, curaci\u00f3n y rehabilitaci\u00f3n integral, en el cual el servicio prestado a nuestros pacientes, sea nuestro mejor reconocimiento, que la excelencia en la atenci\u00f3n y los resultados sea la mejor garant\u00eda y seguridad de que obtendr\u00eda una asistencia de alta calidad.<\/pre>\n\n\n\n<h2 class=\"wp-block-heading alignwide has-text-align-center\"><strong>Valores<\/strong><\/h2>\n\n\n\n<ul class=\"wp-block-list\">\n<li>1. Amor a Dios<\/li>\n\n\n\n<li>2. Amor al pr\u00f3jimo<\/li>\n\n\n\n<li>3. Servicio<\/li>\n\n\n\n<li>4. Empat\u00eda<\/li>\n\n\n\n<li>5. Amabilidad<\/li>\n\n\n\n<li>6. Honestidad<\/li>\n\n\n\n<li>7. Excelencia<\/li>\n\n\n\n<li>8. Superaci\u00f3n<\/li>\n<\/ul>\n\n\n\n<p><\/p>\n","protected":false},"excerpt":{"rendered":"<p>Por m\u00e1s de 50 a\u00f1os hemos cuidado de la salud del pueblo de Chichicastenango y sus alrededores\u2026 nos preocupamos por \u201cSalud del cuerpo y alma\u201d Misi\u00f3n Somos un hospital con sensibilidad humana, en el cual la salud del cuerpo y alma es nuestro enfoque, respaldado por un equipo altamente profesional, con tecnolog\u00eda que certifica atenci\u00f3n &hellip; <\/p>\n<p class=\"link-more\"><a href=\"https:\/\/heebs.org\/\" class=\"more-link\">Continuar leyendo<span class=\"screen-reader-text\"> &#8220;INICIO&#8221;<\/span><\/a><\/p>\n","protected":false},"author":2,"featured_media":65,"parent":0,"menu_order":0,"comment_status":"closed","ping_status":"closed","template":"","meta":{"footnotes":""},"class_list":["post-3","page","type-page","status-publish","has-post-thumbnail","hentry"],"_links":{"self":[{"href":"https:\/\/heebs.org\/index.php?rest_route=\/wp\/v2\/pages\/3","targetHints":{"allow":["GET"]}}],"collection":[{"href":"https:\/\/heebs.org\/index.php?rest_route=\/wp\/v2\/pages"}],"about":[{"href":"https:\/\/heebs.org\/index.php?rest_route=\/wp\/v2\/types\/page"}],"author":[{"embeddable":true,"href":"https:\/\/heebs.org\/index.php?rest_route=\/wp\/v2\/users\/2"}],"replies":[{"embeddable":true,"href":"https:\/\/heebs.org\/index.php?rest_route=%2Fwp%2Fv2%2Fcomments&post=3"}],"version-history":[{"count":8,"href":"https:\/\/heebs.org\/index.php?rest_route=\/wp\/v2\/pages\/3\/revisions"}],"predecessor-version":[{"id":85,"href":"https:\/\/heebs.org\/index.php?rest_route=\/wp\/v2\/pages\/3\/revisions\/85"}],"wp:featuredmedia":[{"embeddable":true,"href":"https:\/\/heebs.org\/index.php?rest_route=\/wp\/v2\/media\/65"}],"wp:attachment":[{"href":"https:\/\/heebs.org\/index.php?rest_route=%2Fwp%2Fv2%2Fmedia&parent=3"}],"curies":[{"name":"wp","href":"https:\/\/api.w.org\/{rel}","templated":true}]}}